{"id":474,"date":"2024-01-29T21:08:05","date_gmt":"2024-01-29T21:08:05","guid":{"rendered":"https:\/\/ggcorp.pa\/reembolsos-y-devoluciones\/"},"modified":"2024-03-12T20:27:11","modified_gmt":"2024-03-12T20:27:11","slug":"reembolsos-y-devoluciones","status":"publish","type":"page","link":"https:\/\/ggcorp.pa\/es\/reembolsos-y-devoluciones\/","title":{"rendered":"Reembolsos y devoluciones"},"content":{"rendered":"<div class=\"fusion-fullwidth fullwidth-box fusion-builder-row-1 fusion-flex-container has-pattern-background has-mask-background nonhundred-percent-fullwidth non-hundred-percent-height-scrolling\" style=\"--awb-border-radius-top-left:0px;--awb-border-radius-top-right:0px;--awb-border-radius-bottom-right:0px;--awb-border-radius-bottom-left:0px;--awb-flex-wrap:wrap;\" ><div class=\"fusion-builder-row fusion-row fusion-flex-align-items-flex-start fusion-flex-content-wrap\" style=\"max-width:1248px;margin-left: calc(-4% \/ 2 );margin-right: calc(-4% \/ 2 );\"><div class=\"fusion-layout-column fusion_builder_column fusion-builder-column-0 fusion_builder_column_1_1 1_1 fusion-flex-column\" style=\"--awb-bg-size:cover;--awb-width-large:100%;--awb-margin-top-large:0px;--awb-spacing-right-large:1.92%;--awb-margin-bottom-large:20px;--awb-spacing-left-large:1.92%;--awb-width-medium:100%;--awb-order-medium:0;--awb-spacing-right-medium:1.92%;--awb-spacing-left-medium:1.92%;--awb-width-small:100%;--awb-order-small:0;--awb-spacing-right-small:1.92%;--awb-spacing-left-small:1.92%;\"><div class=\"fusion-column-wrapper fusion-column-has-shadow fusion-flex-justify-content-flex-start fusion-content-layout-column\"><div class=\"fusion-title title fusion-title-1 fusion-sep-none fusion-title-text fusion-title-size-two\"><h2 class=\"fusion-title-heading title-heading-left\" style=\"margin:0;\">Pol\u00edtica de devoluciones y reembolsos<\/h2><\/div><div class=\"fusion-text fusion-text-1\"><p><strong>\u00daltima actualizaci\u00f3n: 25 de enero de 2024<\/strong><\/p>\n<p><strong>REEMBOLSOS<\/strong><\/p>\n<p>S\u00f3lo se reembolsar\u00e1n los servicios cuyo precio sea regular. Por lo general, los servicios vendidos a los clientes no pueden reembolsarse una vez prestados. S\u00f3lo hacemos excepciones a esta pol\u00edtica de reembolso cuando los servicios prestados no se ajustan a las descripciones de este sitio; es decir, le reembolsaremos su compra cuando un error, que no sea consecuencia de fuerza mayor, resulte en la prestaci\u00f3n de servicios que inequ\u00edvoca y evidentemente no se ajusten al alcance y finalidad descritos y previstos de una opci\u00f3n de compra.<\/p>\n<p>Para completar su devoluci\u00f3n, necesitamos un recibo o prueba de compra, por favor p\u00f3ngase en contacto con nuestro equipo de atenci\u00f3n al cliente en <a href=\"mailto:support@ggcorp.pa\" target=\"_new\" rel=\"noopener\">support@ggcorp.pa<\/a> o ll\u00e1menos al <a href=\"tel:+18009279805\">1(800)927-9805<\/a> dentro de los 5 d\u00edas siguientes a la recepci\u00f3n de su pedido.<\/p>\n<p>Hay determinadas situaciones en las que s\u00f3lo se conceden reembolsos parciales por software, servicios, entre otros.<\/p>\n<p>Nuestra pol\u00edtica de reembolsos y devoluciones es v\u00e1lida durante los 5 d\u00edas posteriores a la entrega de los servicios. Si han transcurrido 5 d\u00edas desde su compra, no podremos atender ninguna solicitud de devoluci\u00f3n o cambio.<\/p>\n<p>Si se aprueba, se procesar\u00e1 su reembolso y se aplicar\u00e1 autom\u00e1ticamente un cr\u00e9dito a su tarjeta de cr\u00e9dito o m\u00e9todo de pago original, en un plazo determinado de d\u00edas.<\/p>\n<p><strong>DEVOLUCIONES ATRASADAS O NO EFECTUADAS<\/strong><\/p>\n<p>Si aparentemente no ha recibido el reembolso, despu\u00e9s de la autorizaci\u00f3n y confirmaci\u00f3n, lo mejor es que consulte primero con su entidad bancaria antes de ponerse en contacto con nosotros. Suele haber un tiempo de tramitaci\u00f3n variable antes de que se contabilice su reembolso.<\/p>\n<p>Si esto no resuelve el problema, p\u00f3ngase en contacto con la entidad emisora de su tarjeta de cr\u00e9dito; de nuevo, tenga en cuenta que el reembolso puede tardar alg\u00fan tiempo en hacerse efectivo.<\/p>\n<p><strong>REEMBOLSO DE SERVICIOS CON DESCUENTO<\/strong><\/p>\n<p>S\u00f3lo se reembolsar\u00e1n los servicios cuyo precio sea regular. Los servicios ofrecidos con descuento para la venta no pueden reembolsarse.<\/p>\n<p><strong>P\u00f3ngase en contacto con nosotros<\/strong><\/p>\n<p>Para cualquier pregunta o duda sobre reembolsos y devoluciones, p\u00f3ngase en contacto con nuestro equipo de atenci\u00f3n al cliente en <a href=\"mailto:support@ggcorp.pa\" target=\"_new\" rel=\"noopener\">support@ggcorp.pa<\/a> o ll\u00e1menos al <a href=\"tel:+18009279805\">1(800)927-9805<\/a>. Nuestros representantes estar\u00e1n encantados de ayudarle y proporcionarle m\u00e1s orientaci\u00f3n.<\/p>\n<p><strong>Nota:<\/strong> Esta pol\u00edtica de reembolsos y devoluciones est\u00e1 sujeta a cambios sin previo aviso. Consulte nuestro sitio web o p\u00f3ngase directamente en contacto con nosotros para obtener la informaci\u00f3n m\u00e1s actualizada.<\/p>\n<p>Gracias por elegir G&amp;G CORP. Apreciamos su negocio y nos comprometemos a garantizar una experiencia de compra positiva para todos nuestros clientes.<\/p>\n<\/div><\/div><\/div><\/div><\/div>\n","protected":false},"excerpt":{"rendered":"","protected":false},"author":1,"featured_media":0,"parent":0,"menu_order":0,"comment_status":"closed","ping_status":"closed","template":"100-width.php","meta":{"inline_featured_image":false,"footnotes":""},"class_list":["post-474","page","type-page","status-publish","hentry"],"_links":{"self":[{"href":"https:\/\/ggcorp.pa\/es\/wp-json\/wp\/v2\/pages\/474","targetHints":{"allow":["GET"]}}],"collection":[{"href":"https:\/\/ggcorp.pa\/es\/wp-json\/wp\/v2\/pages"}],"about":[{"href":"https:\/\/ggcorp.pa\/es\/wp-json\/wp\/v2\/types\/page"}],"author":[{"embeddable":true,"href":"https:\/\/ggcorp.pa\/es\/wp-json\/wp\/v2\/users\/1"}],"replies":[{"embeddable":true,"href":"https:\/\/ggcorp.pa\/es\/wp-json\/wp\/v2\/comments?post=474"}],"version-history":[{"count":14,"href":"https:\/\/ggcorp.pa\/es\/wp-json\/wp\/v2\/pages\/474\/revisions"}],"predecessor-version":[{"id":538,"href":"https:\/\/ggcorp.pa\/es\/wp-json\/wp\/v2\/pages\/474\/revisions\/538"}],"wp:attachment":[{"href":"https:\/\/ggcorp.pa\/es\/wp-json\/wp\/v2\/media?parent=474"}],"curies":[{"name":"wp","href":"https:\/\/api.w.org\/{rel}","templated":true}]}}