{"id":470,"date":"2024-01-29T20:16:32","date_gmt":"2024-01-29T20:16:32","guid":{"rendered":"https:\/\/ggcorp.pa\/politica-de-redes-sociales\/"},"modified":"2024-02-05T19:02:38","modified_gmt":"2024-02-05T19:02:38","slug":"politica-de-redes-sociales","status":"publish","type":"page","link":"https:\/\/ggcorp.pa\/es\/politica-de-redes-sociales\/","title":{"rendered":"Pol\u00edtica de Redes Sociales"},"content":{"rendered":"<div class=\"fusion-fullwidth fullwidth-box fusion-builder-row-1 fusion-flex-container has-pattern-background has-mask-background nonhundred-percent-fullwidth non-hundred-percent-height-scrolling\" style=\"--awb-border-radius-top-left:0px;--awb-border-radius-top-right:0px;--awb-border-radius-bottom-right:0px;--awb-border-radius-bottom-left:0px;--awb-flex-wrap:wrap;\" ><div class=\"fusion-builder-row fusion-row fusion-flex-align-items-flex-start fusion-flex-content-wrap\" style=\"max-width:1248px;margin-left: calc(-4% \/ 2 );margin-right: calc(-4% \/ 2 );\"><div class=\"fusion-layout-column fusion_builder_column fusion-builder-column-0 fusion_builder_column_1_1 1_1 fusion-flex-column\" style=\"--awb-bg-size:cover;--awb-width-large:100%;--awb-margin-top-large:0px;--awb-spacing-right-large:1.92%;--awb-margin-bottom-large:20px;--awb-spacing-left-large:1.92%;--awb-width-medium:100%;--awb-order-medium:0;--awb-spacing-right-medium:1.92%;--awb-spacing-left-medium:1.92%;--awb-width-small:100%;--awb-order-small:0;--awb-spacing-right-small:1.92%;--awb-spacing-left-small:1.92%;\"><div class=\"fusion-column-wrapper fusion-column-has-shadow fusion-flex-justify-content-flex-start fusion-content-layout-column\"><div class=\"fusion-title title fusion-title-1 fusion-sep-none fusion-title-text fusion-title-size-two\"><h2 class=\"fusion-title-heading title-heading-left\" style=\"margin:0;\">Pol\u00edtica de redes sociales<\/h2><\/div><div class=\"fusion-text fusion-text-1\"><p><strong>\u00daltima actualizaci\u00f3n: 25 de enero de 2024<\/strong><\/p>\n<p>\u00a1Bienvenido a G&amp;G CORP! Nuestras plataformas de medios sociales son un espacio para la comunicaci\u00f3n abierta, el compromiso y la creaci\u00f3n de comunidad. Para garantizar un entorno en l\u00ednea positivo y respetuoso, hemos establecido las siguientes directrices para nuestras interacciones en las redes sociales:<\/p>\n<p><strong>1. 1. Respeto y diversidad:<\/strong> Fomentamos los debates abiertos y valoramos las perspectivas diversas. Por favor, sea respetuoso con las opiniones de los dem\u00e1s y evite cualquier forma de discriminaci\u00f3n, acoso o lenguaje ofensivo.<\/p>\n<p><strong>2. 2. Conducta profesional:<\/strong> Mant\u00e9n un tono profesional en tus interacciones. Abstenerse de ataques personales, lenguaje inapropiado o cualquier comportamiento que pueda considerarse poco profesional.<\/p>\n<p><strong>3. Exactitud y transparencia:<\/strong> Al compartir informaci\u00f3n, aseg\u00farese de su exactitud y proporcione la atribuci\u00f3n adecuada cuando sea necesario. Sea transparente sobre su afiliaci\u00f3n a G&amp;G CORP para evitar malentendidos.<\/p>\n<p><strong>4. Privacidad y confidencialidad:<\/strong> Evita compartir informaci\u00f3n sensible o confidencial sobre la empresa, los empleados o los clientes en plataformas p\u00fablicas. Respetar la privacidad y cumplir la legislaci\u00f3n sobre protecci\u00f3n de datos.<\/p>\n<p><strong>5. 5. Representaci\u00f3n de la marca:<\/strong> Si te identificas como empleado o representante de G&amp;G CORP, deja claro que tus opiniones son tuyas y no reflejan necesariamente la postura oficial de la empresa. Siga nuestras directrices de marca cuando represente a la empresa.<\/p>\n<p><strong>6. 6. Moderaci\u00f3n:<\/strong> Nos reservamos el derecho a moderar el contenido y podemos eliminar cualquier publicaci\u00f3n o comentario que infrinja estas directrices. Las infracciones persistentes pueden dar lugar al bloqueo o la denuncia de los usuarios.<\/p>\n<p><strong>7. 7. Atenci\u00f3n al cliente:<\/strong> Las redes sociales no son un canal principal de atenci\u00f3n al cliente. Para obtener ayuda, p\u00f3ngase en contacto con nuestro equipo de atenci\u00f3n al cliente a trav\u00e9s de los canales oficiales. No compartas p\u00fablicamente informaci\u00f3n personal o sensible.<\/p>\n<p><strong>8. Cumplimiento de leyes y pol\u00edticas:<\/strong> Aseg\u00farese de que sus actividades en los medios sociales cumplen todas las leyes y normativas aplicables, as\u00ed como las pol\u00edticas internas de G&amp;G CORP.<\/p>\n<p>Al participar en nuestra comunidad de redes sociales, acepta cumplir estas directrices. Agradecemos su colaboraci\u00f3n para fomentar un espacio en l\u00ednea positivo y constructivo para todos.<\/p>\n<p>Gracias por formar parte de la comunidad de redes sociales de G&amp;G CORP.<\/p>\n<p>Equipo de redes sociales de G&amp;G CORP<\/p>\n<\/div><\/div><\/div><\/div><\/div>\n","protected":false},"excerpt":{"rendered":"","protected":false},"author":1,"featured_media":0,"parent":0,"menu_order":0,"comment_status":"closed","ping_status":"closed","template":"100-width.php","meta":{"inline_featured_image":false,"footnotes":""},"class_list":["post-470","page","type-page","status-publish","hentry"],"_links":{"self":[{"href":"https:\/\/ggcorp.pa\/es\/wp-json\/wp\/v2\/pages\/470","targetHints":{"allow":["GET"]}}],"collection":[{"href":"https:\/\/ggcorp.pa\/es\/wp-json\/wp\/v2\/pages"}],"about":[{"href":"https:\/\/ggcorp.pa\/es\/wp-json\/wp\/v2\/types\/page"}],"author":[{"embeddable":true,"href":"https:\/\/ggcorp.pa\/es\/wp-json\/wp\/v2\/users\/1"}],"replies":[{"embeddable":true,"href":"https:\/\/ggcorp.pa\/es\/wp-json\/wp\/v2\/comments?post=470"}],"version-history":[{"count":2,"href":"https:\/\/ggcorp.pa\/es\/wp-json\/wp\/v2\/pages\/470\/revisions"}],"predecessor-version":[{"id":498,"href":"https:\/\/ggcorp.pa\/es\/wp-json\/wp\/v2\/pages\/470\/revisions\/498"}],"wp:attachment":[{"href":"https:\/\/ggcorp.pa\/es\/wp-json\/wp\/v2\/media?parent=470"}],"curies":[{"name":"wp","href":"https:\/\/api.w.org\/{rel}","templated":true}]}}