{"id":460,"date":"2024-01-26T22:04:35","date_gmt":"2024-01-26T22:04:35","guid":{"rendered":"https:\/\/ggcorp.pa\/plataformas-ecomm\/"},"modified":"2024-02-05T18:32:22","modified_gmt":"2024-02-05T18:32:22","slug":"plataformas-ecomm","status":"publish","type":"page","link":"https:\/\/ggcorp.pa\/es\/plataformas-ecomm\/","title":{"rendered":"Plataformas"},"content":{"rendered":"<p><div class=\"fusion-fullwidth fullwidth-box fusion-builder-row-1 fusion-flex-container has-pattern-background has-mask-background nonhundred-percent-fullwidth non-hundred-percent-height-scrolling\" style=\"--awb-border-radius-top-left:0px;--awb-border-radius-top-right:0px;--awb-border-radius-bottom-right:0px;--awb-border-radius-bottom-left:0px;--awb-padding-top:40px;--awb-padding-bottom:60px;--awb-background-color:var(--awb-color3);--awb-flex-wrap:wrap;\" ><div class=\"fusion-builder-row fusion-row fusion-flex-align-items-center fusion-flex-justify-content-center fusion-flex-content-wrap\" style=\"max-width:1248px;margin-left: calc(-4% \/ 2 );margin-right: calc(-4% \/ 2 );\"><div class=\"fusion-layout-column fusion_builder_column fusion-builder-column-0 fusion_builder_column_2_5 2_5 fusion-flex-column\" style=\"--awb-bg-size:cover;--awb-width-large:40%;--awb-margin-top-large:0px;--awb-spacing-right-large:4.8%;--awb-margin-bottom-large:20px;--awb-spacing-left-large:4.8%;--awb-width-medium:40%;--awb-order-medium:0;--awb-spacing-right-medium:4.8%;--awb-spacing-left-medium:4.8%;--awb-width-small:100%;--awb-order-small:0;--awb-spacing-right-small:1.92%;--awb-spacing-left-small:1.92%;\"><div class=\"fusion-column-wrapper fusion-column-has-shadow fusion-flex-justify-content-flex-start fusion-content-layout-column\"><div class=\"fusion-image-element \" style=\"text-align:center;--awb-caption-title-font-family:var(--h2_typography-font-family);--awb-caption-title-font-weight:var(--h2_typography-font-weight);--awb-caption-title-font-style:var(--h2_typography-font-style);--awb-caption-title-size:var(--h2_typography-font-size);--awb-caption-title-transform:var(--h2_typography-text-transform);--awb-caption-title-line-height:var(--h2_typography-line-height);--awb-caption-title-letter-spacing:var(--h2_typography-letter-spacing);\"><span class=\" fusion-imageframe imageframe-none imageframe-1 hover-type-none fusion-animated\" data-animationType=\"fadeInLeft\" data-animationDuration=\"1.0\" data-animationDelay=\"0.3\" data-animationOffset=\"top-into-view\"><img decoding=\"async\" width=\"450\" height=\"130\" title=\"ecomm-woo\" src=\"http:\/\/ggcorp.pa\/wp-content\/uploads\/ecomm-woo.png\" alt class=\"img-responsive wp-image-419\" srcset=\"https:\/\/ggcorp.pa\/wp-content\/uploads\/ecomm-woo-200x58.png 200w, https:\/\/ggcorp.pa\/wp-content\/uploads\/ecomm-woo-400x116.png 400w, https:\/\/ggcorp.pa\/wp-content\/uploads\/ecomm-woo.png 450w\" sizes=\"(max-width: 640px) 100vw, 450px\" \/><\/span><\/div><\/div><\/div><div class=\"fusion-layout-column fusion_builder_column fusion-builder-column-1 fusion_builder_column_3_5 3_5 fusion-flex-column fusion-animated\" style=\"--awb-bg-size:cover;--awb-width-large:60%;--awb-margin-top-large:0px;--awb-spacing-right-large:3.2%;--awb-margin-bottom-large:20px;--awb-spacing-left-large:3.2%;--awb-width-medium:60%;--awb-order-medium:0;--awb-spacing-right-medium:3.2%;--awb-spacing-left-medium:3.2%;--awb-width-small:100%;--awb-order-small:0;--awb-spacing-right-small:1.92%;--awb-spacing-left-small:1.92%;\" data-animationType=\"fadeIn\" data-animationDuration=\"0.3\" data-animationOffset=\"top-into-view\" data-scroll-devices=\"small-visibility,medium-visibility,large-visibility\"><div class=\"fusion-column-wrapper fusion-column-has-shadow fusion-flex-justify-content-flex-start fusion-content-layout-column\"><div class=\"fusion-title title fusion-title-1 fusion-sep-none fusion-title-text fusion-title-size-three\"><h3 class=\"fusion-title-heading title-heading-left\" style=\"margin:0;\">WooCommerce<\/h3><\/div><div class=\"fusion-text fusion-text-1\"><p>WooCommerce, un plugin de WordPress, es una soluci\u00f3n de comercio electr\u00f3nico potente y flexible. Ideal para aquellos que ya tienen un sitio WordPress, WooCommerce se integra perfectamente en su sitio web existente, convirti\u00e9ndolo en una tienda online totalmente funcional. Su naturaleza de c\u00f3digo abierto permite una amplia personalizaci\u00f3n, por lo que es una gran opci\u00f3n para las empresas que requieren caracter\u00edsticas espec\u00edficas o quieren un control total sobre su presencia en l\u00ednea. WooCommerce es una opci\u00f3n vers\u00e1til que combina la fuerza de WordPress con una completa funcionalidad de comercio electr\u00f3nico.<\/p>\n<\/div><\/div><\/div><\/div><\/div><div class=\"fusion-fullwidth fullwidth-box fusion-builder-row-2 fusion-flex-container has-pattern-background has-mask-background nonhundred-percent-fullwidth non-hundred-percent-height-scrolling\" style=\"--awb-border-radius-top-left:0px;--awb-border-radius-top-right:0px;--awb-border-radius-bottom-right:0px;--awb-border-radius-bottom-left:0px;--awb-padding-top:40px;--awb-padding-bottom:60px;--awb-background-color:var(--awb-color1);--awb-flex-wrap:wrap;\" ><div class=\"fusion-builder-row fusion-row fusion-flex-align-items-center fusion-flex-justify-content-center fusion-flex-content-wrap\" style=\"max-width:1248px;margin-left: calc(-4% \/ 2 );margin-right: calc(-4% \/ 2 );\"><div class=\"fusion-layout-column fusion_builder_column fusion-builder-column-2 fusion_builder_column_2_5 2_5 fusion-flex-column fusion-no-medium-visibility fusion-no-large-visibility\" style=\"--awb-bg-size:cover;--awb-width-large:40%;--awb-margin-top-large:0px;--awb-spacing-right-large:4.8%;--awb-margin-bottom-large:20px;--awb-spacing-left-large:4.8%;--awb-width-medium:40%;--awb-order-medium:0;--awb-spacing-right-medium:4.8%;--awb-spacing-left-medium:4.8%;--awb-width-small:100%;--awb-order-small:0;--awb-spacing-right-small:1.92%;--awb-spacing-left-small:1.92%;\" data-scroll-devices=\"small-visibility,medium-visibility,large-visibility\"><div class=\"fusion-column-wrapper fusion-column-has-shadow fusion-flex-justify-content-flex-start fusion-content-layout-column\"><div class=\"fusion-image-element \" style=\"text-align:center;--awb-caption-title-font-family:var(--h2_typography-font-family);--awb-caption-title-font-weight:var(--h2_typography-font-weight);--awb-caption-title-font-style:var(--h2_typography-font-style);--awb-caption-title-size:var(--h2_typography-font-size);--awb-caption-title-transform:var(--h2_typography-text-transform);--awb-caption-title-line-height:var(--h2_typography-line-height);--awb-caption-title-letter-spacing:var(--h2_typography-letter-spacing);\"><span class=\" fusion-imageframe imageframe-none imageframe-2 hover-type-none fusion-animated\" data-animationType=\"fadeInRight\" data-animationDuration=\"1.0\" data-animationDelay=\"0.3\" data-animationOffset=\"top-into-view\"><img decoding=\"async\" width=\"1000\" height=\"333\" title=\"ecomm-shopify\" src=\"http:\/\/ggcorp.pa\/wp-content\/uploads\/ecomm-shopify.png\" alt class=\"img-responsive wp-image-417\" srcset=\"https:\/\/ggcorp.pa\/wp-content\/uploads\/ecomm-shopify-200x67.png 200w, https:\/\/ggcorp.pa\/wp-content\/uploads\/ecomm-shopify-400x133.png 400w, https:\/\/ggcorp.pa\/wp-content\/uploads\/ecomm-shopify-600x200.png 600w, https:\/\/ggcorp.pa\/wp-content\/uploads\/ecomm-shopify-800x266.png 800w, https:\/\/ggcorp.pa\/wp-content\/uploads\/ecomm-shopify.png 1000w\" sizes=\"(max-width: 640px) 100vw, 600px\" \/><\/span><\/div><\/div><\/div><div class=\"fusion-layout-column fusion_builder_column fusion-builder-column-3 fusion_builder_column_3_5 3_5 fusion-flex-column fusion-animated\" style=\"--awb-bg-size:cover;--awb-width-large:60%;--awb-margin-top-large:0px;--awb-spacing-right-large:3.2%;--awb-margin-bottom-large:20px;--awb-spacing-left-large:3.2%;--awb-width-medium:60%;--awb-order-medium:0;--awb-spacing-right-medium:3.2%;--awb-spacing-left-medium:3.2%;--awb-width-small:100%;--awb-order-small:0;--awb-spacing-right-small:1.92%;--awb-spacing-left-small:1.92%;\" data-animationType=\"fadeIn\" data-animationDuration=\"0.3\" data-animationOffset=\"top-into-view\" data-scroll-devices=\"small-visibility,medium-visibility,large-visibility\"><div class=\"fusion-column-wrapper fusion-column-has-shadow fusion-flex-justify-content-flex-start fusion-content-layout-column\"><div class=\"fusion-title title fusion-title-2 fusion-sep-none fusion-title-text fusion-title-size-three\"><h3 class=\"fusion-title-heading title-heading-left\" style=\"margin:0;\">Shopify<\/h3><\/div><div class=\"fusion-text fusion-text-2\"><p>Shopify es una plataforma de comercio electr\u00f3nico todo en uno dise\u00f1ada para empresas de todos los tama\u00f1os. Su interfaz f\u00e1cil de usar, su amplio ecosistema de aplicaciones y su perfecta integraci\u00f3n la convierten en la opci\u00f3n ideal para quienes desean crear una tienda online de forma r\u00e1pida y eficaz. Con Shopify, puedes gestionar productos, hacer un seguimiento de los pedidos y personalizar el aspecto de tu tienda sin necesidad de grandes conocimientos t\u00e9cnicos. Sus s\u00f3lidas funciones, su fiable alojamiento y su excelente servicio de atenci\u00f3n al cliente la convierten en una plataforma de referencia para los empresarios del comercio electr\u00f3nico.<\/p>\n<\/div><\/div><\/div><div class=\"fusion-layout-column fusion_builder_column fusion-builder-column-4 fusion_builder_column_2_5 2_5 fusion-flex-column fusion-no-small-visibility\" style=\"--awb-bg-size:cover;--awb-width-large:40%;--awb-margin-top-large:0px;--awb-spacing-right-large:4.8%;--awb-margin-bottom-large:20px;--awb-spacing-left-large:4.8%;--awb-width-medium:40%;--awb-order-medium:0;--awb-spacing-right-medium:4.8%;--awb-spacing-left-medium:4.8%;--awb-width-small:100%;--awb-order-small:0;--awb-spacing-right-small:1.92%;--awb-spacing-left-small:1.92%;\" data-scroll-devices=\"small-visibility,medium-visibility,large-visibility\"><div class=\"fusion-column-wrapper fusion-column-has-shadow fusion-flex-justify-content-flex-start fusion-content-layout-column\"><div class=\"fusion-image-element \" style=\"text-align:center;--awb-caption-title-font-family:var(--h2_typography-font-family);--awb-caption-title-font-weight:var(--h2_typography-font-weight);--awb-caption-title-font-style:var(--h2_typography-font-style);--awb-caption-title-size:var(--h2_typography-font-size);--awb-caption-title-transform:var(--h2_typography-text-transform);--awb-caption-title-line-height:var(--h2_typography-line-height);--awb-caption-title-letter-spacing:var(--h2_typography-letter-spacing);\"><span class=\" fusion-imageframe imageframe-none imageframe-3 hover-type-none fusion-animated\" data-animationType=\"fadeInRight\" data-animationDuration=\"1.0\" data-animationDelay=\"0.3\" data-animationOffset=\"top-into-view\"><img decoding=\"async\" width=\"1000\" height=\"333\" title=\"ecomm-shopify\" src=\"http:\/\/ggcorp.pa\/wp-content\/uploads\/ecomm-shopify.png\" alt class=\"img-responsive wp-image-417\" srcset=\"https:\/\/ggcorp.pa\/wp-content\/uploads\/ecomm-shopify-200x67.png 200w, https:\/\/ggcorp.pa\/wp-content\/uploads\/ecomm-shopify-400x133.png 400w, https:\/\/ggcorp.pa\/wp-content\/uploads\/ecomm-shopify-600x200.png 600w, https:\/\/ggcorp.pa\/wp-content\/uploads\/ecomm-shopify-800x266.png 800w, https:\/\/ggcorp.pa\/wp-content\/uploads\/ecomm-shopify.png 1000w\" sizes=\"(max-width: 640px) 100vw, 600px\" \/><\/span><\/div><\/div><\/div><\/div><\/div><div class=\"fusion-fullwidth fullwidth-box fusion-builder-row-3 fusion-flex-container has-pattern-background has-mask-background nonhundred-percent-fullwidth non-hundred-percent-height-scrolling\" style=\"--awb-border-radius-top-left:0px;--awb-border-radius-top-right:0px;--awb-border-radius-bottom-right:0px;--awb-border-radius-bottom-left:0px;--awb-padding-top:40px;--awb-padding-bottom:60px;--awb-background-color:var(--awb-color3);--awb-flex-wrap:wrap;\" ><div class=\"fusion-builder-row fusion-row fusion-flex-align-items-center fusion-flex-justify-content-center fusion-flex-content-wrap\" style=\"max-width:1248px;margin-left: calc(-4% \/ 2 );margin-right: calc(-4% \/ 2 );\"><div class=\"fusion-layout-column fusion_builder_column fusion-builder-column-5 fusion_builder_column_2_5 2_5 fusion-flex-column\" style=\"--awb-bg-size:cover;--awb-width-large:40%;--awb-margin-top-large:0px;--awb-spacing-right-large:4.8%;--awb-margin-bottom-large:20px;--awb-spacing-left-large:4.8%;--awb-width-medium:40%;--awb-order-medium:0;--awb-spacing-right-medium:4.8%;--awb-spacing-left-medium:4.8%;--awb-width-small:100%;--awb-order-small:0;--awb-spacing-right-small:1.92%;--awb-spacing-left-small:1.92%;\"><div class=\"fusion-column-wrapper fusion-column-has-shadow fusion-flex-justify-content-flex-start fusion-content-layout-column\"><div class=\"fusion-image-element \" style=\"text-align:center;--awb-caption-title-font-family:var(--h2_typography-font-family);--awb-caption-title-font-weight:var(--h2_typography-font-weight);--awb-caption-title-font-style:var(--h2_typography-font-style);--awb-caption-title-size:var(--h2_typography-font-size);--awb-caption-title-transform:var(--h2_typography-text-transform);--awb-caption-title-line-height:var(--h2_typography-line-height);--awb-caption-title-letter-spacing:var(--h2_typography-letter-spacing);\"><span class=\" fusion-imageframe imageframe-none imageframe-4 hover-type-none fusion-animated\" data-animationType=\"fadeInLeft\" data-animationDuration=\"1.0\" data-animationDelay=\"0.3\" data-animationOffset=\"top-into-view\"><img decoding=\"async\" width=\"500\" height=\"83\" title=\"ecomm-wix\" src=\"http:\/\/ggcorp.pa\/wp-content\/uploads\/ecomm-wix.png\" alt class=\"img-responsive wp-image-418\" srcset=\"https:\/\/ggcorp.pa\/wp-content\/uploads\/ecomm-wix-200x33.png 200w, https:\/\/ggcorp.pa\/wp-content\/uploads\/ecomm-wix-400x66.png 400w, https:\/\/ggcorp.pa\/wp-content\/uploads\/ecomm-wix.png 500w\" sizes=\"(max-width: 640px) 100vw, 500px\" \/><\/span><\/div><\/div><\/div><div class=\"fusion-layout-column fusion_builder_column fusion-builder-column-6 fusion_builder_column_3_5 3_5 fusion-flex-column fusion-animated\" style=\"--awb-bg-size:cover;--awb-width-large:60%;--awb-margin-top-large:0px;--awb-spacing-right-large:3.2%;--awb-margin-bottom-large:20px;--awb-spacing-left-large:3.2%;--awb-width-medium:60%;--awb-order-medium:0;--awb-spacing-right-medium:3.2%;--awb-spacing-left-medium:3.2%;--awb-width-small:100%;--awb-order-small:0;--awb-spacing-right-small:1.92%;--awb-spacing-left-small:1.92%;\" data-animationType=\"fadeIn\" data-animationDuration=\"0.3\" data-animationOffset=\"top-into-view\" data-scroll-devices=\"small-visibility,medium-visibility,large-visibility\"><div class=\"fusion-column-wrapper fusion-column-has-shadow fusion-flex-justify-content-flex-start fusion-content-layout-column\"><div class=\"fusion-title title fusion-title-3 fusion-sep-none fusion-title-text fusion-title-size-three\"><h3 class=\"fusion-title-heading title-heading-left\" style=\"margin:0;\">Wix<\/h3><\/div><div class=\"fusion-text fusion-text-3\"><p>Wix es un creador de sitios web f\u00e1cil de usar que tambi\u00e9n ofrece s\u00f3lidas funciones de comercio electr\u00f3nico. Perfecto para quienes dan prioridad a la flexibilidad del dise\u00f1o, Wix permite crear una tienda online visualmente impactante sin necesidad de conocimientos de programaci\u00f3n. Su interfaz de arrastrar y soltar, junto con una gran variedad de plantillas y aplicaciones, facilita la personalizaci\u00f3n de tu sitio. Wix es una opci\u00f3n excelente para peque\u00f1as y medianas empresas que desean una presencia en l\u00ednea visualmente atractiva y funcional con la ventaja a\u00f1adida de las funciones de comercio electr\u00f3nico integradas.<\/p>\n<\/div><\/div><\/div><\/div><\/div><\/p>\n","protected":false},"excerpt":{"rendered":"","protected":false},"author":1,"featured_media":0,"parent":0,"menu_order":0,"comment_status":"closed","ping_status":"closed","template":"100-width.php","meta":{"inline_featured_image":false,"footnotes":""},"class_list":["post-460","page","type-page","status-publish","hentry"],"_links":{"self":[{"href":"https:\/\/ggcorp.pa\/es\/wp-json\/wp\/v2\/pages\/460","targetHints":{"allow":["GET"]}}],"collection":[{"href":"https:\/\/ggcorp.pa\/es\/wp-json\/wp\/v2\/pages"}],"about":[{"href":"https:\/\/ggcorp.pa\/es\/wp-json\/wp\/v2\/types\/page"}],"author":[{"embeddable":true,"href":"https:\/\/ggcorp.pa\/es\/wp-json\/wp\/v2\/users\/1"}],"replies":[{"embeddable":true,"href":"https:\/\/ggcorp.pa\/es\/wp-json\/wp\/v2\/comments?post=460"}],"version-history":[{"count":2,"href":"https:\/\/ggcorp.pa\/es\/wp-json\/wp\/v2\/pages\/460\/revisions"}],"predecessor-version":[{"id":478,"href":"https:\/\/ggcorp.pa\/es\/wp-json\/wp\/v2\/pages\/460\/revisions\/478"}],"wp:attachment":[{"href":"https:\/\/ggcorp.pa\/es\/wp-json\/wp\/v2\/media?parent=460"}],"curies":[{"name":"wp","href":"https:\/\/api.w.org\/{rel}","templated":true}]}}