{"id":455,"date":"2024-01-26T21:05:11","date_gmt":"2024-01-26T21:05:11","guid":{"rendered":"https:\/\/ggcorp.pa\/quienes-somos\/"},"modified":"2024-02-05T18:43:00","modified_gmt":"2024-02-05T18:43:00","slug":"nosotros","status":"publish","type":"page","link":"https:\/\/ggcorp.pa\/es\/nosotros\/","title":{"rendered":"Nosotros"},"content":{"rendered":"<p><div class=\"fusion-fullwidth fullwidth-box fusion-builder-row-1 fusion-flex-container has-pattern-background has-mask-background nonhundred-percent-fullwidth non-hundred-percent-height-scrolling\" style=\"--awb-border-radius-top-left:0px;--awb-border-radius-top-right:0px;--awb-border-radius-bottom-right:0px;--awb-border-radius-bottom-left:0px;--awb-padding-top:40px;--awb-padding-bottom:60px;--awb-background-color:var(--awb-color3);--awb-flex-wrap:wrap;\" ><div class=\"fusion-builder-row fusion-row fusion-flex-align-items-center fusion-flex-justify-content-center fusion-flex-content-wrap\" style=\"max-width:1248px;margin-left: calc(-4% \/ 2 );margin-right: calc(-4% \/ 2 );\"><div class=\"fusion-layout-column fusion_builder_column fusion-builder-column-0 fusion_builder_column_1_2 1_2 fusion-flex-column\" style=\"--awb-bg-size:cover;--awb-width-large:50%;--awb-margin-top-large:0px;--awb-spacing-right-large:3.84%;--awb-margin-bottom-large:20px;--awb-spacing-left-large:3.84%;--awb-width-medium:50%;--awb-order-medium:0;--awb-spacing-right-medium:3.84%;--awb-spacing-left-medium:3.84%;--awb-width-small:100%;--awb-order-small:0;--awb-spacing-right-small:1.92%;--awb-spacing-left-small:1.92%;\"><div class=\"fusion-column-wrapper fusion-column-has-shadow fusion-flex-justify-content-flex-start fusion-content-layout-column\"><div class=\"fusion-title title fusion-title-1 fusion-sep-none fusion-title-center fusion-title-text fusion-title-size-two fusion-animated fusion-text-has-stroke fusion-has-text-overflow\" style=\"--awb-text-color:var(--awb-custom_color_1);--awb-font-size:4rem;--awb-text-overflow:ellipsis;\" data-animationType=\"fadeIn\" data-animationDuration=\"1.0\" data-animationDelay=\"0.3\" data-animationOffset=\"top-into-view\"><h2 class=\"fusion-title-heading title-heading-center\" style=\"margin:0;font-size:1em;text-shadow:0px;\"><p>\u00bfQui\u00e9nes<br \/>\nSomos?<\/p><\/h2><\/div><\/div><\/div><div class=\"fusion-layout-column fusion_builder_column fusion-builder-column-1 fusion_builder_column_1_2 1_2 fusion-flex-column\" style=\"--awb-bg-size:cover;--awb-width-large:50%;--awb-margin-top-large:0px;--awb-spacing-right-large:3.84%;--awb-margin-bottom-large:20px;--awb-spacing-left-large:3.84%;--awb-width-medium:50%;--awb-order-medium:0;--awb-spacing-right-medium:3.84%;--awb-spacing-left-medium:3.84%;--awb-width-small:100%;--awb-order-small:0;--awb-spacing-right-small:1.92%;--awb-spacing-left-small:1.92%;\"><div class=\"fusion-column-wrapper fusion-column-has-shadow fusion-flex-justify-content-flex-start fusion-content-layout-column\"><div class=\"fusion-text fusion-text-1\"><p>G&amp;G CORP es una marca utilizada por la sociedad mercantil Grupo Cognitiva, S.A. legalmente constituida bajo las leyes aplicables en la Rep\u00fablica de Panam\u00e1 al Folio 356207 en septiembre de 2022 y es adem\u00e1s la propietaria y administradora del sitio web, cuya direcci\u00f3n electr\u00f3nica es <a href=\"https:\/\/ggcorp.pa\/es\/\">https:\/\/ggcorp.pa<\/a>(en adelante, el \u00abSitio\u00bb), y los dem\u00e1s sitios o subdominios utilizados por G&amp;G CORP.<\/p>\n<p>En G&amp;G CORP, nuestra misi\u00f3n es potenciar a las empresas con estrategias de marketing de vanguardia y plataformas de comercio electr\u00f3nico a medida. Creemos que una s\u00f3lida presencia en l\u00ednea no es s\u00f3lo un lujo, sino una necesidad estrat\u00e9gica en el competitivo mercado actual.<\/p>\n<\/div><\/div><\/div><\/div><\/div><div class=\"fusion-fullwidth fullwidth-box fusion-builder-row-2 fusion-flex-container has-pattern-background has-mask-background nonhundred-percent-fullwidth non-hundred-percent-height-scrolling\" style=\"--awb-border-radius-top-left:0px;--awb-border-radius-top-right:0px;--awb-border-radius-bottom-right:0px;--awb-border-radius-bottom-left:0px;--awb-padding-top:40px;--awb-padding-bottom:40px;--awb-background-color:var(--awb-color1);--awb-flex-wrap:wrap;\" ><div class=\"fusion-builder-row fusion-row fusion-flex-align-items-stretch fusion-flex-content-wrap\" style=\"max-width:1248px;margin-left: calc(-4% \/ 2 );margin-right: calc(-4% \/ 2 );\"><div class=\"fusion-layout-column fusion_builder_column fusion-builder-column-2 fusion_builder_column_1_1 1_1 fusion-flex-column\" style=\"--awb-bg-size:cover;--awb-width-large:100%;--awb-margin-top-large:0px;--awb-spacing-right-large:1.92%;--awb-margin-bottom-large:20px;--awb-spacing-left-large:1.92%;--awb-width-medium:100%;--awb-order-medium:0;--awb-spacing-right-medium:1.92%;--awb-spacing-left-medium:1.92%;--awb-width-small:100%;--awb-order-small:0;--awb-spacing-right-small:1.92%;--awb-spacing-left-small:1.92%;\"><div class=\"fusion-column-wrapper fusion-column-has-shadow fusion-flex-justify-content-flex-start fusion-content-layout-column\"><div class=\"fusion-title title fusion-title-2 fusion-sep-none fusion-title-center fusion-title-text fusion-title-size-two fusion-animated\" style=\"--awb-text-color:var(--awb-custom_color_1);\" data-animationType=\"fadeInLeft\" data-animationDuration=\"0.8\" data-animationDelay=\"0.2\" data-animationOffset=\"top-into-view\"><h2 class=\"fusion-title-heading title-heading-center\" style=\"margin:0;\">Qu\u00e9 Hacemos<\/h2><\/div><\/div><\/div><div class=\"fusion-layout-column fusion_builder_column fusion-builder-column-3 fusion_builder_column_1_3 1_3 fusion-flex-column\" style=\"--awb-padding-top:20px;--awb-padding-right:20px;--awb-padding-bottom:20px;--awb-padding-left:20px;--awb-overflow:hidden;--awb-bg-color:var(--awb-color2);--awb-bg-color-hover:var(--awb-color2);--awb-bg-size:cover;--awb-border-color:var(--awb-color3);--awb-border-top:1px;--awb-border-right:1px;--awb-border-bottom:1px;--awb-border-left:1px;--awb-border-style:solid;--awb-border-radius:8px 8px 8px 8px;--awb-width-large:33.333333333333%;--awb-margin-top-large:0px;--awb-spacing-right-large:5.76%;--awb-margin-bottom-large:20px;--awb-spacing-left-large:5.76%;--awb-width-medium:33.333333333333%;--awb-order-medium:0;--awb-spacing-right-medium:5.76%;--awb-spacing-left-medium:5.76%;--awb-width-small:100%;--awb-order-small:0;--awb-spacing-right-small:1.92%;--awb-spacing-left-small:1.92%;\" data-scroll-devices=\"small-visibility,medium-visibility,large-visibility\"><div class=\"fusion-column-wrapper fusion-column-has-shadow fusion-flex-justify-content-flex-start fusion-content-layout-column\"><div class=\"fusion-title title fusion-title-3 fusion-sep-none fusion-title-center fusion-title-text fusion-title-size-five fusion-animated\" data-animationType=\"fadeInDown\" data-animationDuration=\"0.8\" data-animationDelay=\"0.2\" data-animationOffset=\"top-into-view\"><h5 class=\"fusion-title-heading title-heading-center\" style=\"margin:0;\"><strong>Soluciones estrat\u00e9gicas de marketing<\/strong><\/h5><\/div><div class=\"fusion-text fusion-text-2 fusion-animated\" data-animationType=\"fadeIn\" data-animationDuration=\"0.8\" data-animationDelay=\"0.3\" data-animationOffset=\"top-into-view\"><p>Nos especializamos en la elaboraci\u00f3n de estrategias de marketing integrales que elevan su marca y le conectan con su p\u00fablico objetivo. Desde la publicidad digital hasta el marketing de contenidos, tenemos su negocio cubierto.<\/p>\n<\/div><\/div><\/div><div class=\"fusion-layout-column fusion_builder_column fusion-builder-column-4 fusion_builder_column_1_3 1_3 fusion-flex-column\" style=\"--awb-padding-top:20px;--awb-padding-right:20px;--awb-padding-bottom:20px;--awb-padding-left:20px;--awb-overflow:hidden;--awb-bg-color:var(--awb-color2);--awb-bg-color-hover:var(--awb-color2);--awb-bg-size:cover;--awb-border-color:var(--awb-color3);--awb-border-top:1px;--awb-border-right:1px;--awb-border-bottom:1px;--awb-border-left:1px;--awb-border-style:solid;--awb-border-radius:8px 8px 8px 8px;--awb-width-large:33.333333333333%;--awb-margin-top-large:0px;--awb-spacing-right-large:5.76%;--awb-margin-bottom-large:20px;--awb-spacing-left-large:5.76%;--awb-width-medium:33.333333333333%;--awb-order-medium:0;--awb-spacing-right-medium:5.76%;--awb-spacing-left-medium:5.76%;--awb-width-small:100%;--awb-order-small:0;--awb-spacing-right-small:1.92%;--awb-spacing-left-small:1.92%;\" data-scroll-devices=\"small-visibility,medium-visibility,large-visibility\"><div class=\"fusion-column-wrapper fusion-column-has-shadow fusion-flex-justify-content-flex-start fusion-content-layout-column\"><div class=\"fusion-title title fusion-title-4 fusion-sep-none fusion-title-center fusion-title-text fusion-title-size-five fusion-animated\" data-animationType=\"fadeInLeft\" data-animationDuration=\"0.8\" data-animationDelay=\"0.2\" data-animationOffset=\"top-into-view\"><h5 class=\"fusion-title-heading title-heading-center\" style=\"margin:0;\"><strong>Excelencia en comercio electr\u00f3nico<\/strong><\/h5><\/div><div class=\"fusion-text fusion-text-3 fusion-animated\" data-animationType=\"fadeIn\" data-animationDuration=\"0.8\" data-animationDelay=\"0.3\" data-animationOffset=\"top-into-view\"><p>A nuestro equipo le apasiona hacer realidad su visi\u00f3n del comercio electr\u00f3nico. Tanto si empieza desde cero como si desea mejorar una plataforma existente, creamos experiencias de comercio electr\u00f3nico fluidas y visualmente impactantes que impulsan las conversiones.<\/p>\n<\/div><\/div><\/div><div class=\"fusion-layout-column fusion_builder_column fusion-builder-column-5 fusion_builder_column_1_3 1_3 fusion-flex-column\" style=\"--awb-padding-top:20px;--awb-padding-right:20px;--awb-padding-bottom:20px;--awb-padding-left:20px;--awb-overflow:hidden;--awb-bg-color:var(--awb-color2);--awb-bg-color-hover:var(--awb-color2);--awb-bg-size:cover;--awb-border-color:var(--awb-color3);--awb-border-top:1px;--awb-border-right:1px;--awb-border-bottom:1px;--awb-border-left:1px;--awb-border-style:solid;--awb-border-radius:8px 8px 8px 8px;--awb-width-large:33.333333333333%;--awb-margin-top-large:0px;--awb-spacing-right-large:5.76%;--awb-margin-bottom-large:20px;--awb-spacing-left-large:5.76%;--awb-width-medium:33.333333333333%;--awb-order-medium:0;--awb-spacing-right-medium:5.76%;--awb-spacing-left-medium:5.76%;--awb-width-small:100%;--awb-order-small:0;--awb-spacing-right-small:1.92%;--awb-spacing-left-small:1.92%;\" data-scroll-devices=\"small-visibility,medium-visibility,large-visibility\"><div class=\"fusion-column-wrapper fusion-column-has-shadow fusion-flex-justify-content-flex-start fusion-content-layout-column\"><div class=\"fusion-title title fusion-title-5 fusion-sep-none fusion-title-center fusion-title-text fusion-title-size-five fusion-animated\" data-animationType=\"fadeInRight\" data-animationDuration=\"0.8\" data-animationDelay=\"0.2\" data-animationOffset=\"top-into-view\"><h5 class=\"fusion-title-heading title-heading-center\" style=\"margin:0;\"><strong>Desarrollo de sitios web<\/strong><\/h5><\/div><div class=\"fusion-text fusion-text-4 fusion-animated\" data-animationType=\"fadeIn\" data-animationDuration=\"0.8\" data-animationDelay=\"0.3\" data-animationOffset=\"top-into-view\"><p>G&amp;G CORP es su socio para el desarrollo de sitios web. Dise\u00f1amos y creamos sitios web receptivos y f\u00e1ciles de usar que no s\u00f3lo reflejan la identidad de su marca, sino que tambi\u00e9n proporcionan una experiencia de usuario agradable.<\/p>\n<\/div><\/div><\/div><\/div><\/div><div class=\"fusion-fullwidth fullwidth-box fusion-builder-row-3 fusion-flex-container has-pattern-background has-mask-background nonhundred-percent-fullwidth non-hundred-percent-height-scrolling\" style=\"--awb-border-radius-top-left:0px;--awb-border-radius-top-right:0px;--awb-border-radius-bottom-right:0px;--awb-border-radius-bottom-left:0px;--awb-padding-top:40px;--awb-padding-bottom:60px;--awb-background-color:var(--awb-color3);--awb-flex-wrap:wrap;\" ><div class=\"fusion-builder-row fusion-row fusion-flex-align-items-flex-start fusion-flex-content-wrap\" style=\"max-width:1248px;margin-left: calc(-4% \/ 2 );margin-right: calc(-4% \/ 2 );\"><div class=\"fusion-layout-column fusion_builder_column fusion-builder-column-6 fusion_builder_column_1_1 1_1 fusion-flex-column\" style=\"--awb-bg-size:cover;--awb-width-large:100%;--awb-margin-top-large:0px;--awb-spacing-right-large:1.92%;--awb-margin-bottom-large:20px;--awb-spacing-left-large:1.92%;--awb-width-medium:100%;--awb-order-medium:0;--awb-spacing-right-medium:1.92%;--awb-spacing-left-medium:1.92%;--awb-width-small:100%;--awb-order-small:0;--awb-spacing-right-small:1.92%;--awb-spacing-left-small:1.92%;\"><div class=\"fusion-column-wrapper fusion-column-has-shadow fusion-flex-justify-content-flex-start fusion-content-layout-column\"><div class=\"fusion-title title fusion-title-6 fusion-sep-none fusion-title-text fusion-title-size-three fusion-animated\" style=\"--awb-text-color:var(--awb-color6);\" data-animationType=\"fadeInLeft\" data-animationDuration=\"1.0\" data-animationDelay=\"0.5\" data-animationOffset=\"top-into-view\"><h3 class=\"fusion-title-heading title-heading-left\" style=\"margin:0;\"><em>Utilizando G&amp;G CORP.<\/em><\/h3><\/div><div class=\"fusion-text fusion-text-5\"><p>Los usuarios del Sitio ser\u00e1n todas aquellas personas f\u00edsicas o jur\u00eddicas registradas dentro de nuestra plataforma, ya que todos los usuarios registrados tienen la facultad de adquirir y disfrutar de los productos aqu\u00ed ofrecidos.<\/p>\n<p>La compra de servicios en el Sitio s\u00f3lo est\u00e1 disponible para personas con capacidad legal para comprar, por lo que no deben ser utilizados por quienes no tengan esa capacidad ni por menores de edad o Usuarios que hayan sido suspendidos temporal o definitivamente en los t\u00e9rminos que se establecen a continuaci\u00f3n, reconoci\u00e9ndose a todos aquellos usuarios que utilicen y aprovechen los servicios ofrecidos a trav\u00e9s de G&amp;G CORP que tengan esa capacidad. legal suficiente para quedar vinculado por los t\u00e9rminos aqu\u00ed indicados.<\/p>\n<p>A t\u00edtulo enunciativo pero no limitativo, al suscribirse, registrarse, adquirir, disfrutar, usar y\/o aprovechar los productos ofrecidos en G&amp;G CORP, usted est\u00e1 aceptando sujetarse a los t\u00e9rminos y condiciones aqu\u00ed reproducidos (los \u00abT\u00e9rminos\u00bb), por lo que autom\u00e1ticamente acepta los t\u00e9rminos se\u00f1alados en este documento y queda sujeto al mismo, aceptando que no violar\u00e1 las leyes internacionales aplicables o las leyes de la Rep\u00fablica de Panam\u00e1. Si no est\u00e1 de acuerdo con los T\u00e9rminos y Condiciones, no podr\u00e1 acceder al Sitio Web o deber\u00e1 suspender inmediatamente su uso.<\/p>\n<p>Los pedidos de compra s\u00f3lo pueden ser realizados por personas f\u00edsicas o jur\u00eddicas registradas en el Sitio, independientemente de su residencia fiscal. Somos una empresa abierta al p\u00fablico internacional, pero con sede en la Rep\u00fablica de Panam\u00e1. Para tener acceso a la compra de los productos ofrecidos a trav\u00e9s del Sitio, el \u00abUsuario\u00bb debe confirmar que ha le\u00eddo, conoce y est\u00e1 de acuerdo con los T\u00e9rminos y Condiciones haciendo clic en \u00abAceptar\u00bb; de lo contrario, no podr\u00e1 continuar utilizando G&amp;G CORP.<\/p>\n<p>G&amp;G CORP se reserva el derecho de modificar total o parcialmente estas Condiciones de vez en cuando sin previo aviso, por lo que es responsabilidad del \u00abUsuario\u00bb revisar peri\u00f3dicamente el Sitio Web para conocer las Condiciones vigentes. La versi\u00f3n de las Condiciones que se aplicar\u00e1 a su pedido ser\u00e1 la existente en G&amp;G CORP en el momento de la compra.<\/p>\n<\/div><\/div><\/div><\/div><\/div><\/p>\n","protected":false},"excerpt":{"rendered":"","protected":false},"author":1,"featured_media":0,"parent":0,"menu_order":0,"comment_status":"closed","ping_status":"closed","template":"100-width.php","meta":{"inline_featured_image":false,"footnotes":""},"class_list":["post-455","page","type-page","status-publish","hentry"],"_links":{"self":[{"href":"https:\/\/ggcorp.pa\/es\/wp-json\/wp\/v2\/pages\/455","targetHints":{"allow":["GET"]}}],"collection":[{"href":"https:\/\/ggcorp.pa\/es\/wp-json\/wp\/v2\/pages"}],"about":[{"href":"https:\/\/ggcorp.pa\/es\/wp-json\/wp\/v2\/types\/page"}],"author":[{"embeddable":true,"href":"https:\/\/ggcorp.pa\/es\/wp-json\/wp\/v2\/users\/1"}],"replies":[{"embeddable":true,"href":"https:\/\/ggcorp.pa\/es\/wp-json\/wp\/v2\/comments?post=455"}],"version-history":[{"count":16,"href":"https:\/\/ggcorp.pa\/es\/wp-json\/wp\/v2\/pages\/455\/revisions"}],"predecessor-version":[{"id":485,"href":"https:\/\/ggcorp.pa\/es\/wp-json\/wp\/v2\/pages\/455\/revisions\/485"}],"wp:attachment":[{"href":"https:\/\/ggcorp.pa\/es\/wp-json\/wp\/v2\/media?parent=455"}],"curies":[{"name":"wp","href":"https:\/\/api.w.org\/{rel}","templated":true}]}}