{"id":440,"date":"2024-01-26T17:03:49","date_gmt":"2024-01-26T17:03:49","guid":{"rendered":"https:\/\/ggcorp.pa\/condiciones-generales\/"},"modified":"2024-02-05T19:02:08","modified_gmt":"2024-02-05T19:02:08","slug":"condiciones-generales","status":"publish","type":"page","link":"https:\/\/ggcorp.pa\/es\/condiciones-generales\/","title":{"rendered":"Condiciones Generales"},"content":{"rendered":"<div class=\"fusion-fullwidth fullwidth-box fusion-builder-row-1 fusion-flex-container has-pattern-background has-mask-background nonhundred-percent-fullwidth non-hundred-percent-height-scrolling\" style=\"--awb-border-radius-top-left:0px;--awb-border-radius-top-right:0px;--awb-border-radius-bottom-right:0px;--awb-border-radius-bottom-left:0px;--awb-padding-top:40px;--awb-padding-bottom:60px;--awb-background-color:var(--awb-color2);--awb-flex-wrap:wrap;\" ><div class=\"fusion-builder-row fusion-row fusion-flex-align-items-flex-start fusion-flex-content-wrap\" style=\"max-width:1248px;margin-left: calc(-4% \/ 2 );margin-right: calc(-4% \/ 2 );\"><div class=\"fusion-layout-column fusion_builder_column fusion-builder-column-0 fusion_builder_column_1_1 1_1 fusion-flex-column\" style=\"--awb-bg-size:cover;--awb-width-large:100%;--awb-margin-top-large:0px;--awb-spacing-right-large:1.92%;--awb-margin-bottom-large:20px;--awb-spacing-left-large:1.92%;--awb-width-medium:100%;--awb-order-medium:0;--awb-spacing-right-medium:1.92%;--awb-spacing-left-medium:1.92%;--awb-width-small:100%;--awb-order-small:0;--awb-spacing-right-small:1.92%;--awb-spacing-left-small:1.92%;\"><div class=\"fusion-column-wrapper fusion-column-has-shadow fusion-flex-justify-content-flex-start fusion-content-layout-column\"><div class=\"fusion-title title fusion-title-1 fusion-sep-none fusion-title-text fusion-title-size-two\"><h2 class=\"fusion-title-heading title-heading-left\" style=\"margin:0;\">Condiciones generales<\/h2><\/div><div class=\"fusion-text fusion-text-1\"><p><strong>\u00daltima actualizaci\u00f3n: 25 de enero de 2024<\/strong><\/p>\n<p><strong><em>*Por favor, lea atentamente estas condiciones de uso antes de utilizar el sitio web*.<\/em><\/strong><\/p>\n<p><strong><u>Condiciones de compra y venta<\/u><\/strong><\/p>\n<p>El Sitio emitir\u00e1 un pedido una vez que el pago haya sido recibido por el comprador, se enviar\u00e1 a ambas partes (comprador y vendedor) por medio de un correo electr\u00f3nico confirmando la recepci\u00f3n del pago. Este correo electr\u00f3nico mostrar\u00e1 el importe pagado, el producto adquirido y los datos de contacto. El sitio genera autom\u00e1ticamente un c\u00f3digo de entrega para el comprador. Si la entrega se completa en menos de 15 d\u00edas, se paga al vendedor el vig\u00e9simo d\u00eda, mientras que si la entrega se completa en m\u00e1s de 20 d\u00edas, se paga al vendedor el trig\u00e9simo d\u00eda. Estos mismos plazos son los que se aplican para que el comprador dispute y reclame cualquier da\u00f1o o defecto del producto, ya que G&amp;G CORP puede retener el pago al vendedor hasta que se resuelva la disputa.<\/p>\n<p>El pago de G&amp;G CORP podr\u00e1 ser desembolsado al vendedor, descontando de este pago el porcentaje correspondiente por intermediaci\u00f3n de la transacci\u00f3n, incluyendo tambi\u00e9n en este porcentaje el costo de transacci\u00f3n al Sitio por el banco y por la compa\u00f1\u00eda de tarjetas. Este porcentaje se ha fijado en el 10%, m\u00e1s un impuesto del 7% (ITBMS) del 10% original, incluido en el pago final al vendedor.<\/p>\n<table>\n<tbody>\n<tr>\n<td width=\"188\">Valor de venta: 100<\/p>\n<p>Comisi\u00f3n: 10<\/p>\n<p>ITBMS: 0,70<\/p>\n<p>Pago: 89,30<\/td>\n<\/tr>\n<\/tbody>\n<\/table>\n<p><em> <\/em><\/p>\n<p><em>El comprador<\/em> puede anular un pedido, pero se le cobrar\u00e1 una penalizaci\u00f3n del 10% del valor del producto adquirido. Es decir, se le reembolsar\u00e1 el 90% de lo que pag\u00f3 por el producto que desea cancelar.<\/p>\n<p>Se puede reembolsar al comprador en caso de que se demuestre que el vendedor no cumpli\u00f3 con la venta o la entrega.<\/p>\n<p><strong><u>Plazos de entrega<\/u><\/strong><\/p>\n<p>Los plazos de entrega ser\u00e1n debidamente comprobados por el vendedor antes de confirmarlos con el comprador 15 d\u00edas es el plazo m\u00e1ximo aceptable, salvo que tanto el vendedor como el comprador hayan acordado lo contrario. Si el vendedor no realiza la entrega en este plazo sin un acuerdo con el comprador, la venta se anular\u00e1, y el comprador ser\u00e1 penalizado con el 10% del valor del producto.<\/p>\n<p><strong><u>Pol\u00edtica de devoluciones<\/u><\/strong><\/p>\n<p>En ning\u00fan caso G&amp;G CORP intervendr\u00e1 en la devoluci\u00f3n de un producto entre el vendedor y el comprador, el vendedor asume toda la responsabilidad a la hora de aceptar y tramitar las devoluciones, incluidos los gastos de env\u00edo y sustituci\u00f3n en su caso. Sin embargo, G&amp;G CORP es un intermediario que har\u00e1 todo lo posible para garantizar el mejor resultado de la transacci\u00f3n.<\/p>\n<p>En ning\u00fan caso G&amp;G CORP intervendr\u00e1 en reclamaciones sobre un producto o efecto entre el Comprador y el Vendedor. El Vendedor asume todas las acciones en la aceptaci\u00f3n y tramitaci\u00f3n de las devoluciones, incluidos los gastos de devoluci\u00f3n, sustituci\u00f3n, u otras soluciones que se puedan consensuar.<\/p>\n<p><strong><u>T\u00e9rminos de marketing<\/u><\/strong><\/p>\n<p>Cualquier usuario que acceda al Sitio por primera vez deber\u00e1 registrarse para disponer de su informaci\u00f3n completa para cuestiones de verificaci\u00f3n y seguridad tanto interna como externa. Esta informaci\u00f3n ser\u00e1 confidencial y de uso exclusivo de G&amp;G CORP para cuestiones de comprobaci\u00f3n, cumpliendo con la Ley del 81 de 26 de marzo de 2019, de Protecci\u00f3n de Datos, de acuerdo con el apartado de uso y tratamiento de datos personales mencionado en este documento.<\/p>\n<p>Los productos que pueden venderse son \u00fanicamente los determinados por las categor\u00edas y subcategor\u00edas existentes. G&amp;G CORP est\u00e1 sujeta a cambiar y\/o ampliar la gama de productos cuya venta es aceptable, y tiene derecho a retirar productos o restringir el acceso a cualquier usuario que venda o intente vender otros productos no autorizados.<\/p>\n<p>Los precios que figuran en el sitio est\u00e1n sujetos a cambios sin previo aviso. Todas las compras se realizar\u00e1n con la moneda oficial que es el Balboa o d\u00f3lar estadounidense. S\u00f3lo pueden hacerse con tarjeta de cr\u00e9dito.<\/p>\n<p><strong><u>Exposici\u00f3n de contenidos<\/u><\/strong><\/p>\n<p>Se entiende por Contenido toda la informaci\u00f3n, mensajes, gr\u00e1ficos, dibujos, sonidos, im\u00e1genes, fotograf\u00edas, grabaciones, software y, en general, cualquier clase de material accesible a trav\u00e9s del Sitio.<\/p>\n<p>G&amp;GCORP.PA podr\u00e1 realizar cambios, modificaciones y\/o actualizaciones en el contenido de su sitio web y todo lo que lo rodea. Corresponde al usuario velar por su correcto funcionamiento e informar de cualquier error o abuso.<\/p>\n<p><em>Todo usuario se compromete a hacer un uso diligente, correcto y l\u00edcito del Sitio.<\/em><\/p>\n<\/div><\/div><\/div><\/div><\/div>\n","protected":false},"excerpt":{"rendered":"","protected":false},"author":1,"featured_media":0,"parent":0,"menu_order":0,"comment_status":"closed","ping_status":"closed","template":"100-width.php","meta":{"inline_featured_image":false,"footnotes":""},"class_list":["post-440","page","type-page","status-publish","hentry"],"_links":{"self":[{"href":"https:\/\/ggcorp.pa\/es\/wp-json\/wp\/v2\/pages\/440","targetHints":{"allow":["GET"]}}],"collection":[{"href":"https:\/\/ggcorp.pa\/es\/wp-json\/wp\/v2\/pages"}],"about":[{"href":"https:\/\/ggcorp.pa\/es\/wp-json\/wp\/v2\/types\/page"}],"author":[{"embeddable":true,"href":"https:\/\/ggcorp.pa\/es\/wp-json\/wp\/v2\/users\/1"}],"replies":[{"embeddable":true,"href":"https:\/\/ggcorp.pa\/es\/wp-json\/wp\/v2\/comments?post=440"}],"version-history":[{"count":3,"href":"https:\/\/ggcorp.pa\/es\/wp-json\/wp\/v2\/pages\/440\/revisions"}],"predecessor-version":[{"id":495,"href":"https:\/\/ggcorp.pa\/es\/wp-json\/wp\/v2\/pages\/440\/revisions\/495"}],"wp:attachment":[{"href":"https:\/\/ggcorp.pa\/es\/wp-json\/wp\/v2\/media?parent=440"}],"curies":[{"name":"wp","href":"https:\/\/api.w.org\/{rel}","templated":true}]}}