{"id":436,"date":"2024-01-26T17:31:30","date_gmt":"2024-01-26T17:31:30","guid":{"rendered":"https:\/\/ggcorp.pa\/politica-de-cookies\/"},"modified":"2024-02-05T19:02:18","modified_gmt":"2024-02-05T19:02:18","slug":"politica-de-cookies","status":"publish","type":"page","link":"https:\/\/ggcorp.pa\/es\/politica-de-cookies\/","title":{"rendered":"Pol\u00edtica de Cookies"},"content":{"rendered":"<div class=\"fusion-fullwidth fullwidth-box fusion-builder-row-1 fusion-flex-container has-pattern-background has-mask-background nonhundred-percent-fullwidth non-hundred-percent-height-scrolling\" style=\"--awb-border-radius-top-left:0px;--awb-border-radius-top-right:0px;--awb-border-radius-bottom-right:0px;--awb-border-radius-bottom-left:0px;--awb-padding-top:40px;--awb-padding-bottom:60px;--awb-background-color:var(--awb-color2);--awb-flex-wrap:wrap;\" ><div class=\"fusion-builder-row fusion-row fusion-flex-align-items-flex-start fusion-flex-content-wrap\" style=\"max-width:1248px;margin-left: calc(-4% \/ 2 );margin-right: calc(-4% \/ 2 );\"><div class=\"fusion-layout-column fusion_builder_column fusion-builder-column-0 fusion_builder_column_1_1 1_1 fusion-flex-column\" style=\"--awb-bg-size:cover;--awb-width-large:100%;--awb-margin-top-large:0px;--awb-spacing-right-large:1.92%;--awb-margin-bottom-large:20px;--awb-spacing-left-large:1.92%;--awb-width-medium:100%;--awb-order-medium:0;--awb-spacing-right-medium:1.92%;--awb-spacing-left-medium:1.92%;--awb-width-small:100%;--awb-order-small:0;--awb-spacing-right-small:1.92%;--awb-spacing-left-small:1.92%;\"><div class=\"fusion-column-wrapper fusion-column-has-shadow fusion-flex-justify-content-flex-start fusion-content-layout-column\"><div class=\"fusion-title title fusion-title-1 fusion-sep-none fusion-title-text fusion-title-size-two\"><h2 class=\"fusion-title-heading title-heading-left\" style=\"margin:0;\">Pol\u00edtica de cookies<\/h2><\/div><div class=\"fusion-text fusion-text-1\"><p><strong>\u00daltima actualizaci\u00f3n: 25 de enero de 2024<\/strong><\/p>\n<p><strong>Introducci\u00f3n:<\/strong><\/p>\n<p>Bienvenido al sitio web de G&amp;G CORP (\u00abnosotros\u00bb o \u00abnuestro\u00bb). Al utilizar nuestro sitio web <a href=\"https:\/\/ggcorp.pa\/es\/\" target=\"_new\" rel=\"noopener\">https:\/\/ggcorp.pa<\/a> (el \u00abServicio\u00bb), acepta el uso de cookies tal y como se describe en esta Pol\u00edtica de Cookies.<\/p>\n<p><strong>Qu\u00e9 son las cookies:<\/strong><\/p>\n<p>Las cookies son peque\u00f1os fragmentos de datos almacenados en su dispositivo (ordenador o dispositivo m\u00f3vil) que rastrean y registran diversa informaci\u00f3n. Se utilizan mucho para que los sitios web funcionen con m\u00e1s eficacia y para proporcionar informaci\u00f3n a sus propietarios.<\/p>\n<p><strong>C\u00f3mo utilizamos las cookies:<\/strong><\/p>\n<p>Utilizamos cookies para diversos fines, entre ellos:<\/p>\n<ul>\n<li>Analizar c\u00f3mo interact\u00faan los usuarios con nuestro sitio web.<\/li>\n<li>Recuerda las preferencias y ajustes del usuario.<\/li>\n<li>Ofrecer contenidos y publicidad personalizados.<\/li>\n<li>Garantizar la seguridad e integridad de nuestro sitio web.<\/li>\n<\/ul>\n<p><strong>Tipos de cookies que utilizamos:<\/strong><\/p>\n<ul>\n<li><strong>Cookies esenciales:<\/strong> Estas cookies son necesarias para que el sitio web funcione correctamente.<\/li>\n<li><strong>Cookies anal\u00edticas\/de rendimiento:<\/strong> Estas cookies nos permiten reconocer y contar el n\u00famero de visitantes y ver c\u00f3mo se mueven los visitantes por nuestro sitio web.<\/li>\n<li><strong>Cookies de funcionalidad:<\/strong> Estas cookies se utilizan para reconocerle cuando vuelve a nuestro sitio web y personalizar el contenido para usted.<\/li>\n<li><strong>Cookies de segmentaci\u00f3n:<\/strong> Estas cookies registran su visita a nuestro sitio web, las p\u00e1ginas que ha visitado y los enlaces que ha seguido. Podemos utilizar esta informaci\u00f3n para hacer que nuestro sitio web sea m\u00e1s relevante para sus intereses.<\/li>\n<\/ul>\n<p><strong>Sus opciones con respecto a las cookies:<\/strong><\/p>\n<p>Puede controlar y\/o eliminar las cookies como desee. Puede eliminar todas las cookies que ya est\u00e1n en su dispositivo y puede configurar la mayor\u00eda de los navegadores para que impidan su instalaci\u00f3n. Sin embargo, si lo hace, es posible que tenga que ajustar manualmente algunas preferencias cada vez que visite nuestro sitio web.<\/p>\n<p><strong>Cambios en nuestra pol\u00edtica de cookies:<\/strong><\/p>\n<p>Podemos actualizar nuestra Pol\u00edtica de Cookies de vez en cuando. Cualquier cambio se publicar\u00e1 en esta p\u00e1gina con una fecha de revisi\u00f3n actualizada.<\/p>\n<p><strong>P\u00f3ngase en contacto con nosotros:<\/strong><\/p>\n<p>Si tiene alguna pregunta sobre nuestra Pol\u00edtica de Cookies, p\u00f3ngase en contacto con nosotros en <a href=\"mailto:cs@ggcorp.pa\">cs@ggcorp.pa<\/a><\/p>\n<\/div><\/div><\/div><\/div><\/div>\n","protected":false},"excerpt":{"rendered":"","protected":false},"author":1,"featured_media":0,"parent":0,"menu_order":0,"comment_status":"closed","ping_status":"closed","template":"100-width.php","meta":{"inline_featured_image":false,"footnotes":""},"class_list":["post-436","page","type-page","status-publish","hentry"],"_links":{"self":[{"href":"https:\/\/ggcorp.pa\/es\/wp-json\/wp\/v2\/pages\/436","targetHints":{"allow":["GET"]}}],"collection":[{"href":"https:\/\/ggcorp.pa\/es\/wp-json\/wp\/v2\/pages"}],"about":[{"href":"https:\/\/ggcorp.pa\/es\/wp-json\/wp\/v2\/types\/page"}],"author":[{"embeddable":true,"href":"https:\/\/ggcorp.pa\/es\/wp-json\/wp\/v2\/users\/1"}],"replies":[{"embeddable":true,"href":"https:\/\/ggcorp.pa\/es\/wp-json\/wp\/v2\/comments?post=436"}],"version-history":[{"count":3,"href":"https:\/\/ggcorp.pa\/es\/wp-json\/wp\/v2\/pages\/436\/revisions"}],"predecessor-version":[{"id":496,"href":"https:\/\/ggcorp.pa\/es\/wp-json\/wp\/v2\/pages\/436\/revisions\/496"}],"wp:attachment":[{"href":"https:\/\/ggcorp.pa\/es\/wp-json\/wp\/v2\/media?parent=436"}],"curies":[{"name":"wp","href":"https:\/\/api.w.org\/{rel}","templated":true}]}}