{"id":434,"date":"2023-09-14T21:32:28","date_gmt":"2023-09-14T21:32:28","guid":{"rendered":"https:\/\/ggcorp.pa\/politica-de-privacidad\/"},"modified":"2024-02-05T19:02:27","modified_gmt":"2024-02-05T19:02:27","slug":"politica-de-privacidad","status":"publish","type":"page","link":"https:\/\/ggcorp.pa\/es\/politica-de-privacidad\/","title":{"rendered":"Pol\u00edtica de Privacidad"},"content":{"rendered":"<div class=\"fusion-fullwidth fullwidth-box fusion-builder-row-1 fusion-flex-container has-pattern-background has-mask-background nonhundred-percent-fullwidth non-hundred-percent-height-scrolling\" style=\"--awb-border-radius-top-left:0px;--awb-border-radius-top-right:0px;--awb-border-radius-bottom-right:0px;--awb-border-radius-bottom-left:0px;--awb-padding-top:40px;--awb-padding-bottom:60px;--awb-background-color:var(--awb-color2);--awb-flex-wrap:wrap;\" ><div class=\"fusion-builder-row fusion-row fusion-flex-align-items-flex-start fusion-flex-content-wrap\" style=\"max-width:1248px;margin-left: calc(-4% \/ 2 );margin-right: calc(-4% \/ 2 );\"><div class=\"fusion-layout-column fusion_builder_column fusion-builder-column-0 fusion_builder_column_1_1 1_1 fusion-flex-column\" style=\"--awb-bg-size:cover;--awb-width-large:100%;--awb-margin-top-large:0px;--awb-spacing-right-large:1.92%;--awb-margin-bottom-large:0px;--awb-spacing-left-large:1.92%;--awb-width-medium:100%;--awb-spacing-right-medium:1.92%;--awb-spacing-left-medium:1.92%;--awb-width-small:100%;--awb-spacing-right-small:1.92%;--awb-spacing-left-small:1.92%;\"><div class=\"fusion-column-wrapper fusion-flex-justify-content-flex-start fusion-content-layout-column\"><div class=\"fusion-title title fusion-title-1 fusion-sep-none fusion-title-text fusion-title-size-two\"><h2 class=\"fusion-title-heading title-heading-left\" style=\"margin:0;\">Pol\u00edtica de privacidad<\/h2><\/div><div class=\"fusion-text fusion-text-1\"><p><strong>\u00daltima actualizaci\u00f3n: 25 de enero de 2024<\/strong><\/p>\n<p>Los datos de car\u00e1cter personal que introduzcas en el Portal se considerar\u00e1n en todo momento informaci\u00f3n confidencial y privada, salvo que dicha informaci\u00f3n sea p\u00fablica y\/o haya sido publicada a trav\u00e9s de las redes sociales vinculadas a G&amp;G CORP. En tal caso, usted acepta que dicha informaci\u00f3n es p\u00fablica, y por tanto no confidencial, y que el Sitio tendr\u00e1 derecho a utilizarla para los fines que estime oportunos de conformidad con la normativa vigente aplicable.<\/p>\n<p>Como comprador y\/o vendedor, usted entiende y acepta que cualquier transferencia en l\u00ednea (Internet) implica un proceso en el que puede existir la vulnerabilidad de redes privadas o p\u00fablicas. Del mismo modo, el comprador y\/o vendedor acepta que cualquier acci\u00f3n que se ejecute pueda ser vigilada o interceptada por terceros, a pesar de que exista un aviso oportuno de que en el momento de ejecutar una transacci\u00f3n \u00e9sta se encuentra encriptada. G&amp;G CORP har\u00e1 todo lo posible para proteger tanto sus servidores como la informaci\u00f3n contenida en los mismos, as\u00ed como para garantizar la protecci\u00f3n de los datos privados de los usuarios de este.<\/p>\n<p>G&amp;G CORP se reserva el derecho exclusivo y sin previo aviso de cancelar el acceso al Sitio de cualquier comprador\/vendedor o usuario (lo que implica su desactivaci\u00f3n) por infracci\u00f3n de derechos o incumplimiento de las presentes Condiciones Generales.<\/p>\n<p><strong><u>Uso y tratamiento de datos personales.<\/u><\/strong><\/p>\n<p>El usuario garantiza que la informaci\u00f3n facilitada para utilizar el sitio es veraz, completa, exacta y actualizada.<\/p>\n<p>De conformidad con la Ley N \u00b0 81 del 26 de marzo de 2019, Ley de Protecci\u00f3n de Datos Personales, los datos personales que el Cliente proporcione al Sitio ser\u00e1n destinados \u00fanica y exclusivamente para ser utilizados en relaci\u00f3n con los fines de compra, venta, entrega y, especialmente, para la comunicaci\u00f3n en general entre el Sitio y los compradores; para validar los datos de la transacci\u00f3n.<\/p>\n<p>Para resolver cualquier duda sobre el tratamiento de los datos personales, cualquier usuario puede ponerse en contacto con G&amp;G CORP en el <strong>correo electr\u00f3nico <a href=\"mailto:cs@ggcorp.pa\">cs@ggcorp.pa.<\/a><\/strong><\/p>\n<p><strong><u>Exclusi\u00f3n de garant\u00edas y responsabilidades<\/u><\/strong><\/p>\n<p>Los productos ofrecidos en el Sitio se comercializan sin garant\u00edas expresas o impl\u00edcitas de ning\u00fan tipo. G&amp;G CORP, Grupo Cognitiva, S.A., y sus accionistas, administradores, directivos, agentes y empleados no se hacen responsables por los da\u00f1os y perjuicios de toda naturaleza que pudieran derivarse del uso del portal, incluidos los Servicios y Contenidos puestos a disposici\u00f3n a trav\u00e9s del Portal.<\/p>\n<p>Como se describe en los t\u00e9rminos y condiciones, el uso y el contenido que aparece en la venta en l\u00ednea, G &amp; G CORP tiene el poder de hacer cambios a su discreci\u00f3n. El Sitio puede estar sujeto a interrupciones del servicio por lo que no se hace responsable de los actos que puedan ser causados por terceros, si se produce alg\u00fan error, omisi\u00f3n, interrupci\u00f3n o retraso en el funcionamiento, acceso indebido no autorizado, robo, alteraci\u00f3n del uso del sitio, negligencia o cualquier otro caso.<\/p>\n<p>G&amp;G CORP, Grupo Cognitiva, S.A., sus accionistas, administradores, directivos, agentes y empleados no garantizan ni asumen ning\u00fan tipo de responsabilidad por los da\u00f1os y perjuicios de toda clase que pudieran derivarse de los enlaces que aparecen en el Sitio para acceder a productos o servicios de sitios web pertenecientes o gestionados por terceros, o a productos o servicios de terceros. Es responsabilidad del usuario informarse de los t\u00e9rminos y condiciones, as\u00ed como de la pol\u00edtica de privacidad de datos, de los sitios web de terceros enlazados, publicados o dispuestos a trav\u00e9s de G&amp;G CORP.<\/p>\n<p><strong><u>Modificaci\u00f3n de las condiciones<\/u><\/strong><\/p>\n<p>G&amp;G CORP cuando lo considere estrictamente necesario y a su discreci\u00f3n, podr\u00e1 modificar segmentos de las condiciones de su uso. En caso de que los cambios sean sustanciales, G&amp;G CORP los publicar\u00e1 a trav\u00e9s del sitio web y\/o v\u00eda correo electr\u00f3nico. No obstante, el usuario es responsable de validar estas condiciones tantas veces como sea necesario y lo permita, y en el momento de realizar una compra que se efect\u00fae bajo su responsabilidad, aceptar dichas actualizaciones.<\/p>\n<\/div><\/div><\/div><\/div><\/div>\n","protected":false},"excerpt":{"rendered":"","protected":false},"author":1,"featured_media":0,"parent":0,"menu_order":0,"comment_status":"closed","ping_status":"open","template":"100-width.php","meta":{"inline_featured_image":false,"footnotes":""},"class_list":["post-434","page","type-page","status-publish","hentry"],"_links":{"self":[{"href":"https:\/\/ggcorp.pa\/es\/wp-json\/wp\/v2\/pages\/434","targetHints":{"allow":["GET"]}}],"collection":[{"href":"https:\/\/ggcorp.pa\/es\/wp-json\/wp\/v2\/pages"}],"about":[{"href":"https:\/\/ggcorp.pa\/es\/wp-json\/wp\/v2\/types\/page"}],"author":[{"embeddable":true,"href":"https:\/\/ggcorp.pa\/es\/wp-json\/wp\/v2\/users\/1"}],"replies":[{"embeddable":true,"href":"https:\/\/ggcorp.pa\/es\/wp-json\/wp\/v2\/comments?post=434"}],"version-history":[{"count":3,"href":"https:\/\/ggcorp.pa\/es\/wp-json\/wp\/v2\/pages\/434\/revisions"}],"predecessor-version":[{"id":497,"href":"https:\/\/ggcorp.pa\/es\/wp-json\/wp\/v2\/pages\/434\/revisions\/497"}],"wp:attachment":[{"href":"https:\/\/ggcorp.pa\/es\/wp-json\/wp\/v2\/media?parent=434"}],"curies":[{"name":"wp","href":"https:\/\/api.w.org\/{rel}","templated":true}]}}